{"id":97,"date":"2017-11-21T14:05:57","date_gmt":"2017-11-21T14:05:57","guid":{"rendered":"http:\/\/eshop.jenasumperk.cz\/?post_type=product&#038;p=97"},"modified":"2017-11-21T14:05:57","modified_gmt":"2017-11-21T14:05:57","slug":"mohelnicko","status":"publish","type":"product","link":"https:\/\/eshop.jenasumperk.cz\/index.php\/produkt\/mohelnicko\/","title":{"rendered":"MOHELNICKO"},"content":{"rendered":"<h4>1:50 000 \u00a0TURISTICK\u00c1 MAPA + CYKLOTURISTIKA<\/h4>\n<p>ISBN 978-80-87137-10-9<\/p>\n","protected":false},"excerpt":{"rendered":"<p>Turistick\u00e1 a cykloturistick\u00e1 mapa obsahuje \u00faplnou s\u00ed\u0165 turistick\u00fdxh a cyklotruristick\u00fdch zna\u010den\u00fdch tras. K tomu nav\u00edc vybran\u00e9 trasy v okol\u00ed Mohelnice vhodn\u00e9 pro pozn\u00e1v\u00e1n\u00ed regionu. Mapa zavede turisty do zaj\u00edmav\u00fdch m\u00edst v okol\u00ed m\u011bsta, jako\u017e i do \u010d\u00e1sti CHKO Litovelsk\u00e9 Pomorav\u00ed, k hradu Bouzovu, z\u00e1mku \u00dasov apod. V dan\u00e9m \u00fazem\u00ed jsou k nav\u0161t\u00edven\u00ed i krasov\u00e9 jevy u Mlad\u010de a Javo\u0159\u00ed\u010dka, \u017eidovsk\u00e9 pam\u00e1tky v Lo\u0161tic\u00edch nebo \u00dasov\u011b. Sou\u010d\u00e1st\u00ed mapy je i pl\u00e1n m\u011bsta Mohlenice.<\/p>\n","protected":false},"featured_media":98,"comment_status":"open","ping_status":"closed","template":"","meta":{"jetpack_publicize_message":"","jetpack_publicize_feature_enabled":true,"jetpack_social_post_already_shared":false,"jetpack_social_options":{"image_generator_settings":{"template":"highway","default_image_id":0,"font":"","enabled":false},"version":2}},"product_cat":[15],"product_tag":[],"class_list":["post-97","product","type-product","status-publish","has-post-thumbnail","hentry","product_cat-turistickemapy","product_shipping_class-cp"],"jetpack_publicize_connections":[],"jetpack_sharing_enabled":true,"jetpack_likes_enabled":true,"_links":{"self":[{"href":"https:\/\/eshop.jenasumperk.cz\/index.php\/wp-json\/wp\/v3\/product\/97","targetHints":{"allow":["GET"]}}],"collection":[{"href":"https:\/\/eshop.jenasumperk.cz\/index.php\/wp-json\/wp\/v3\/product"}],"about":[{"href":"https:\/\/eshop.jenasumperk.cz\/index.php\/wp-json\/wp\/v2\/types\/product"}],"replies":[{"embeddable":true,"href":"https:\/\/eshop.jenasumperk.cz\/index.php\/wp-json\/wp\/v2\/comments?post=97"}],"wp:featuredmedia":[{"embeddable":true,"href":"https:\/\/eshop.jenasumperk.cz\/index.php\/wp-json\/wp\/v2\/media\/98"}],"wp:attachment":[{"href":"https:\/\/eshop.jenasumperk.cz\/index.php\/wp-json\/wp\/v2\/media?parent=97"}],"wp:term":[{"taxonomy":"product_cat","embeddable":true,"href":"https:\/\/eshop.jenasumperk.cz\/index.php\/wp-json\/wp\/v2\/product_cat?post=97"},{"taxonomy":"product_tag","embeddable":true,"href":"https:\/\/eshop.jenasumperk.cz\/index.php\/wp-json\/wp\/v2\/product_tag?post=97"}],"curies":[{"name":"wp","href":"https:\/\/api.w.org\/{rel}","templated":true}]}}