{"id":95,"date":"2017-11-21T14:02:23","date_gmt":"2017-11-21T14:02:23","guid":{"rendered":"http:\/\/eshop.jenasumperk.cz\/?post_type=product&#038;p=95"},"modified":"2017-11-21T14:07:11","modified_gmt":"2017-11-21T14:07:11","slug":"orlicke-hory-destenska-hornatina","status":"publish","type":"product","link":"https:\/\/eshop.jenasumperk.cz\/index.php\/produkt\/orlicke-hory-destenska-hornatina\/","title":{"rendered":"ORLICK\u00c9 HORY De\u0161tensk\u00e1 hornatina"},"content":{"rendered":"<h4>1:50 000 \u00a0TURISTICK\u00c1 MAPA + CYKLOTURISTIKA<\/h4>\n<p>ISBN 978-80-87137-01-7<\/p>\n","protected":false},"excerpt":{"rendered":"<p>Turistick\u00e1 mapa De\u0161tensk\u00e1 hornatina zobrazuje \u00fazem\u00ed kolem hlavn\u00edho p\u00e1sma Orlick\u00fdch hor od Ole\u0161nice na severu k \u017damberku na jihu. Nejvy\u0161\u0161\u00ed v\u00fd\u0161ky dosahuj\u00ed hory na Velk\u00e9 De\u0161tn\u00e9 (115 m n.m), tis\u00edcovek je kolem ale je\u0161t\u011b v\u00edc. Mapa obsahuje s\u00ed\u0165 turistick\u00fdch tras a cyklotras. Mapa obsahuje i s\u00ed\u0165 pro GPS, bonusem je mapov\u00fd v\u00fd\u0159ez vyhled\u00e1van\u00e9 Pastvinsk\u00e9 p\u0159ehrady.<\/p>\n","protected":false},"featured_media":96,"comment_status":"open","ping_status":"closed","template":"","meta":{"jetpack_publicize_message":"","jetpack_publicize_feature_enabled":true,"jetpack_social_post_already_shared":false,"jetpack_social_options":{"image_generator_settings":{"template":"highway","default_image_id":0,"font":"","enabled":false},"version":2}},"product_cat":[15],"product_tag":[],"class_list":["post-95","product","type-product","status-publish","has-post-thumbnail","hentry","product_cat-turistickemapy","product_shipping_class-cp"],"jetpack_publicize_connections":[],"jetpack_sharing_enabled":true,"jetpack_likes_enabled":true,"_links":{"self":[{"href":"https:\/\/eshop.jenasumperk.cz\/index.php\/wp-json\/wp\/v3\/product\/95","targetHints":{"allow":["GET"]}}],"collection":[{"href":"https:\/\/eshop.jenasumperk.cz\/index.php\/wp-json\/wp\/v3\/product"}],"about":[{"href":"https:\/\/eshop.jenasumperk.cz\/index.php\/wp-json\/wp\/v2\/types\/product"}],"replies":[{"embeddable":true,"href":"https:\/\/eshop.jenasumperk.cz\/index.php\/wp-json\/wp\/v2\/comments?post=95"}],"wp:featuredmedia":[{"embeddable":true,"href":"https:\/\/eshop.jenasumperk.cz\/index.php\/wp-json\/wp\/v2\/media\/96"}],"wp:attachment":[{"href":"https:\/\/eshop.jenasumperk.cz\/index.php\/wp-json\/wp\/v2\/media?parent=95"}],"wp:term":[{"taxonomy":"product_cat","embeddable":true,"href":"https:\/\/eshop.jenasumperk.cz\/index.php\/wp-json\/wp\/v2\/product_cat?post=95"},{"taxonomy":"product_tag","embeddable":true,"href":"https:\/\/eshop.jenasumperk.cz\/index.php\/wp-json\/wp\/v2\/product_tag?post=95"}],"curies":[{"name":"wp","href":"https:\/\/api.w.org\/{rel}","templated":true}]}}