{"id":93,"date":"2017-11-21T13:59:35","date_gmt":"2017-11-21T13:59:35","guid":{"rendered":"http:\/\/eshop.jenasumperk.cz\/?post_type=product&#038;p=93"},"modified":"2017-11-21T13:59:35","modified_gmt":"2017-11-21T13:59:35","slug":"orlicke-hory","status":"publish","type":"product","link":"https:\/\/eshop.jenasumperk.cz\/index.php\/produkt\/orlicke-hory\/","title":{"rendered":"ORLICK\u00c9 HORY"},"content":{"rendered":"<h4>1:75 000 TURISTICK\u00c1 MAPA + CYKLOTURISTIKA<\/h4>\n<p>ISBN 80-86209-74-1<\/p>\n<p><strong><\/strong><\/p>\n","protected":false},"excerpt":{"rendered":"<p>Turistick\u00e1 mapa Orlick\u00e9 hory zn\u00e1zor\u0148uje cel\u00e9 \u00fazem\u00ed Orlick\u00fdch hor na pomez\u00ed \u010cech a Kladska. Zobrazuje i podh\u016f\u0159\u00ed Orlick\u00fdch hor tvo\u0159en\u00e9 N\u00e1chodskou vrchovinou a \u017damberskou pahorkatinou. Zadn\u00ed strana mapy obsahuje popis turisticky zaj\u00edmav\u00e9ho \u00fazem\u00ed s \u010detn\u00fdmi pam\u00e1tkami a zaj\u00edmavostmi.<\/p>\n","protected":false},"featured_media":94,"comment_status":"open","ping_status":"closed","template":"","meta":{"jetpack_publicize_message":"","jetpack_publicize_feature_enabled":true,"jetpack_social_post_already_shared":false,"jetpack_social_options":{"image_generator_settings":{"template":"highway","default_image_id":0,"font":"","enabled":false},"version":2}},"product_cat":[15],"product_tag":[],"class_list":["post-93","product","type-product","status-publish","has-post-thumbnail","hentry","product_cat-turistickemapy","product_shipping_class-cp"],"jetpack_publicize_connections":[],"jetpack_sharing_enabled":true,"jetpack_likes_enabled":true,"_links":{"self":[{"href":"https:\/\/eshop.jenasumperk.cz\/index.php\/wp-json\/wp\/v3\/product\/93","targetHints":{"allow":["GET"]}}],"collection":[{"href":"https:\/\/eshop.jenasumperk.cz\/index.php\/wp-json\/wp\/v3\/product"}],"about":[{"href":"https:\/\/eshop.jenasumperk.cz\/index.php\/wp-json\/wp\/v2\/types\/product"}],"replies":[{"embeddable":true,"href":"https:\/\/eshop.jenasumperk.cz\/index.php\/wp-json\/wp\/v2\/comments?post=93"}],"wp:featuredmedia":[{"embeddable":true,"href":"https:\/\/eshop.jenasumperk.cz\/index.php\/wp-json\/wp\/v2\/media\/94"}],"wp:attachment":[{"href":"https:\/\/eshop.jenasumperk.cz\/index.php\/wp-json\/wp\/v2\/media?parent=93"}],"wp:term":[{"taxonomy":"product_cat","embeddable":true,"href":"https:\/\/eshop.jenasumperk.cz\/index.php\/wp-json\/wp\/v2\/product_cat?post=93"},{"taxonomy":"product_tag","embeddable":true,"href":"https:\/\/eshop.jenasumperk.cz\/index.php\/wp-json\/wp\/v2\/product_tag?post=93"}],"curies":[{"name":"wp","href":"https:\/\/api.w.org\/{rel}","templated":true}]}}