{"id":84,"date":"2017-11-09T08:30:42","date_gmt":"2017-11-09T08:30:42","guid":{"rendered":"http:\/\/eshop.jenasumperk.cz\/?post_type=product&#038;p=84"},"modified":"2017-11-23T14:27:23","modified_gmt":"2017-11-23T14:27:23","slug":"olomoucko-drahanska-vrchovina-zabrezska-vrchovina-oderske-vrchy","status":"publish","type":"product","link":"https:\/\/eshop.jenasumperk.cz\/index.php\/produkt\/olomoucko-drahanska-vrchovina-zabrezska-vrchovina-oderske-vrchy\/","title":{"rendered":"OLOMOUCKO, Drahansk\u00e1 vrchovina, Z\u00e1b\u0159e\u017esk\u00e1 vrchovina, Odersk\u00e9 vrchy"},"content":{"rendered":"<h4>OLOMOUCKO Velk\u00e1 cykloturistick\u00e1 mapa 1:100 000<\/h4>\n<p>&nbsp;<\/p>\n<p>ISBN 978-80-87137-13-0<\/p>\n","protected":false},"excerpt":{"rendered":"<p>Velk\u00e1 cykloturistick\u00e1 mapa. Oboustrann\u00e1 mapa obsahuje aktu\u00e1ln\u00ed turistick\u00e9 a cyklistick\u00e9 zna\u010den\u00e9 trasy centr\u00e1ln\u00ed \u010d\u00e1sti Moravy s rovinami Han\u00e9 a Hornomoravsk\u00e9ho \u00favalu. K tomu i p\u0159ilehl\u00e9 \u010d\u00e1sti vyso\u010diny Drahansk\u00e9 vrchoviny, \u010d\u00e1sti Ch\u0159ib\u016f, N\u00edzk\u00e9ho Jesen\u00edku.<\/p>\n","protected":false},"featured_media":85,"comment_status":"open","ping_status":"closed","template":"","meta":{"jetpack_publicize_message":"","jetpack_publicize_feature_enabled":true,"jetpack_social_post_already_shared":false,"jetpack_social_options":{"image_generator_settings":{"template":"highway","default_image_id":0,"font":"","enabled":false},"version":2}},"product_cat":[15],"product_tag":[],"class_list":["post-84","product","type-product","status-publish","has-post-thumbnail","hentry","product_cat-turistickemapy","product_shipping_class-cp"],"jetpack_publicize_connections":[],"jetpack_sharing_enabled":true,"jetpack_likes_enabled":true,"_links":{"self":[{"href":"https:\/\/eshop.jenasumperk.cz\/index.php\/wp-json\/wp\/v3\/product\/84","targetHints":{"allow":["GET"]}}],"collection":[{"href":"https:\/\/eshop.jenasumperk.cz\/index.php\/wp-json\/wp\/v3\/product"}],"about":[{"href":"https:\/\/eshop.jenasumperk.cz\/index.php\/wp-json\/wp\/v2\/types\/product"}],"replies":[{"embeddable":true,"href":"https:\/\/eshop.jenasumperk.cz\/index.php\/wp-json\/wp\/v2\/comments?post=84"}],"wp:featuredmedia":[{"embeddable":true,"href":"https:\/\/eshop.jenasumperk.cz\/index.php\/wp-json\/wp\/v2\/media\/85"}],"wp:attachment":[{"href":"https:\/\/eshop.jenasumperk.cz\/index.php\/wp-json\/wp\/v2\/media?parent=84"}],"wp:term":[{"taxonomy":"product_cat","embeddable":true,"href":"https:\/\/eshop.jenasumperk.cz\/index.php\/wp-json\/wp\/v2\/product_cat?post=84"},{"taxonomy":"product_tag","embeddable":true,"href":"https:\/\/eshop.jenasumperk.cz\/index.php\/wp-json\/wp\/v2\/product_tag?post=84"}],"curies":[{"name":"wp","href":"https:\/\/api.w.org\/{rel}","templated":true}]}}