{"id":82,"date":"2017-11-09T08:27:44","date_gmt":"2017-11-09T08:27:44","guid":{"rendered":"http:\/\/eshop.jenasumperk.cz\/?post_type=product&#038;p=82"},"modified":"2022-11-08T11:57:19","modified_gmt":"2022-11-08T11:57:19","slug":"orlicke-hory-kralicky-sneznik","status":"publish","type":"product","link":"https:\/\/eshop.jenasumperk.cz\/index.php\/produkt\/orlicke-hory-kralicky-sneznik\/","title":{"rendered":"Orlick\u00e9 hory, Kr\u00e1lick\u00fd Sn\u011b\u017en\u00edk"},"content":{"rendered":"<h4>ORLICK\u00c9 HORY \u2013 Kr\u00e1lick\u00fd Sn\u011b\u017en\u00edk 1:60 000 \u00a0TURISTICK\u00c1 MAPA + CYKLOTURISTIKA<\/h4>\n<p>&nbsp;<\/p>\n<p>ISBN978-80-86209-96-8<\/p>\n","protected":false},"excerpt":{"rendered":"<p>ORLICK\u00c9 HORY \u2013 Kr\u00e1lick\u00fd Sn\u011b\u017en\u00edk 1:60 000 \u00a0TURISTICK\u00c1 MAPA + CYKLOTURISTIKA &nbsp; ISBN978-80-86209-96-8<\/p>\n","protected":false},"featured_media":83,"comment_status":"open","ping_status":"closed","template":"","meta":{"jetpack_publicize_message":"","jetpack_publicize_feature_enabled":true,"jetpack_social_post_already_shared":false,"jetpack_social_options":{"image_generator_settings":{"template":"highway","default_image_id":0,"font":"","enabled":false},"version":2}},"product_cat":[15],"product_tag":[],"class_list":["post-82","product","type-product","status-publish","has-post-thumbnail","hentry","product_cat-turistickemapy","product_shipping_class-cp"],"jetpack_publicize_connections":[],"jetpack_sharing_enabled":true,"jetpack_likes_enabled":true,"_links":{"self":[{"href":"https:\/\/eshop.jenasumperk.cz\/index.php\/wp-json\/wp\/v3\/product\/82","targetHints":{"allow":["GET"]}}],"collection":[{"href":"https:\/\/eshop.jenasumperk.cz\/index.php\/wp-json\/wp\/v3\/product"}],"about":[{"href":"https:\/\/eshop.jenasumperk.cz\/index.php\/wp-json\/wp\/v2\/types\/product"}],"replies":[{"embeddable":true,"href":"https:\/\/eshop.jenasumperk.cz\/index.php\/wp-json\/wp\/v2\/comments?post=82"}],"wp:featuredmedia":[{"embeddable":true,"href":"https:\/\/eshop.jenasumperk.cz\/index.php\/wp-json\/wp\/v2\/media\/83"}],"wp:attachment":[{"href":"https:\/\/eshop.jenasumperk.cz\/index.php\/wp-json\/wp\/v2\/media?parent=82"}],"wp:term":[{"taxonomy":"product_cat","embeddable":true,"href":"https:\/\/eshop.jenasumperk.cz\/index.php\/wp-json\/wp\/v2\/product_cat?post=82"},{"taxonomy":"product_tag","embeddable":true,"href":"https:\/\/eshop.jenasumperk.cz\/index.php\/wp-json\/wp\/v2\/product_tag?post=82"}],"curies":[{"name":"wp","href":"https:\/\/api.w.org\/{rel}","templated":true}]}}