{"id":74,"date":"2017-11-09T08:12:33","date_gmt":"2017-11-09T08:12:33","guid":{"rendered":"http:\/\/eshop.jenasumperk.cz\/?post_type=product&#038;p=74"},"modified":"2022-08-26T10:49:27","modified_gmt":"2022-08-26T10:49:27","slug":"ceska-republika","status":"publish","type":"product","link":"https:\/\/eshop.jenasumperk.cz\/index.php\/produkt\/ceska-republika\/","title":{"rendered":"\u010cesk\u00e1 republika"},"content":{"rendered":"<h4>AUTOMAPA \u010cR 1:770 000<\/h4>\n<p>&nbsp;<\/p>\n<p>ISBN 978-80-87137-36-9<\/p>\n","protected":false},"excerpt":{"rendered":"<p>Automapa obsahuje abecedn\u00ed seznam autokemp\u016f, kter\u00e9 jsou vyzna\u010deny i v mapov\u00e9 \u010d\u00e1sti, d\u00e1le jeskyn\u011b, hrady a z\u00e1mky, CHKO a N\u00e1rodn\u00ed parky. Pl\u00e1nek m\u011bsta: Praha, Brno, Plze\u0148, Hradec Kr\u00e1lov\u00e9, Ostrava, Olomouc.<\/p>\n","protected":false},"featured_media":75,"comment_status":"open","ping_status":"closed","template":"","meta":{"jetpack_publicize_message":"","jetpack_publicize_feature_enabled":true,"jetpack_social_post_already_shared":false,"jetpack_social_options":{"image_generator_settings":{"template":"highway","default_image_id":0,"font":"","enabled":false},"version":2}},"product_cat":[23],"product_tag":[],"class_list":["post-74","product","type-product","status-publish","has-post-thumbnail","hentry","product_cat-plany-mest-automapy","product_shipping_class-cp"],"jetpack_publicize_connections":[],"jetpack_sharing_enabled":true,"jetpack_likes_enabled":true,"_links":{"self":[{"href":"https:\/\/eshop.jenasumperk.cz\/index.php\/wp-json\/wp\/v3\/product\/74","targetHints":{"allow":["GET"]}}],"collection":[{"href":"https:\/\/eshop.jenasumperk.cz\/index.php\/wp-json\/wp\/v3\/product"}],"about":[{"href":"https:\/\/eshop.jenasumperk.cz\/index.php\/wp-json\/wp\/v2\/types\/product"}],"replies":[{"embeddable":true,"href":"https:\/\/eshop.jenasumperk.cz\/index.php\/wp-json\/wp\/v2\/comments?post=74"}],"wp:featuredmedia":[{"embeddable":true,"href":"https:\/\/eshop.jenasumperk.cz\/index.php\/wp-json\/wp\/v2\/media\/75"}],"wp:attachment":[{"href":"https:\/\/eshop.jenasumperk.cz\/index.php\/wp-json\/wp\/v2\/media?parent=74"}],"wp:term":[{"taxonomy":"product_cat","embeddable":true,"href":"https:\/\/eshop.jenasumperk.cz\/index.php\/wp-json\/wp\/v2\/product_cat?post=74"},{"taxonomy":"product_tag","embeddable":true,"href":"https:\/\/eshop.jenasumperk.cz\/index.php\/wp-json\/wp\/v2\/product_tag?post=74"}],"curies":[{"name":"wp","href":"https:\/\/api.w.org\/{rel}","templated":true}]}}