{"id":60,"date":"2017-11-08T14:32:13","date_gmt":"2017-11-08T14:32:13","guid":{"rendered":"http:\/\/eshop.jenasumperk.cz\/?post_type=product&#038;p=60"},"modified":"2022-11-08T11:57:19","modified_gmt":"2022-11-08T11:57:19","slug":"jeseniky-hruby-jesenik-rychlebske-hory","status":"publish","type":"product","link":"https:\/\/eshop.jenasumperk.cz\/index.php\/produkt\/jeseniky-hruby-jesenik-rychlebske-hory\/","title":{"rendered":"JESEN\u00cdKY \u2013 Hrub\u00fd Jesen\u00edk, Rychlebsk\u00e9 hory"},"content":{"rendered":"<h4>1:50 000 ZIMN\u00cd LY\u017dA\u0158SK\u00c1 MAPA<\/h4>\n<p>ISBN 978-80-87137-39-0<\/p>\n","protected":false},"excerpt":{"rendered":"<p>Zimn\u00ed ly\u017ea\u0159sk\u00e1 mapa Jesen\u00edky obsahuje krom\u011b \u00fapln\u00e9 s\u00edt\u011b turistick\u00fdch cest tak\u00e9 s\u00ed\u0165 zna\u010den\u00fdch cyklotras, doporu\u010den\u00fdch a zna\u010den\u00fdch ly\u017ea\u0159sk\u00fdch tras. Mapa je vybavena s\u00edt\u00ed GPS. Je vyti\u0161t\u011bn\u00e1 oboustrann\u011b, na jedn\u00e9 \u010d\u00e1sti je oblast Kr\u00e1lick\u00e9ho Sn\u011b\u017en\u00edku, na opa\u010dn\u00e9 Hrub\u00e9ho Jesen\u00edku s Prad\u011bdem. Podrobn\u011b aktualizovan\u00e9 vyd\u00e1n\u00ed.<\/p>\n","protected":false},"featured_media":61,"comment_status":"open","ping_status":"closed","template":"","meta":{"jetpack_publicize_message":"","jetpack_publicize_feature_enabled":true,"jetpack_social_post_already_shared":false,"jetpack_social_options":{"image_generator_settings":{"template":"highway","default_image_id":0,"font":"","enabled":false},"version":2}},"product_cat":[19],"product_tag":[],"class_list":["post-60","product","type-product","status-publish","has-post-thumbnail","hentry","product_cat-zimni-a-lyzarske-mapy","product_shipping_class-cp"],"jetpack_publicize_connections":[],"jetpack_sharing_enabled":true,"jetpack_likes_enabled":true,"_links":{"self":[{"href":"https:\/\/eshop.jenasumperk.cz\/index.php\/wp-json\/wp\/v3\/product\/60","targetHints":{"allow":["GET"]}}],"collection":[{"href":"https:\/\/eshop.jenasumperk.cz\/index.php\/wp-json\/wp\/v3\/product"}],"about":[{"href":"https:\/\/eshop.jenasumperk.cz\/index.php\/wp-json\/wp\/v2\/types\/product"}],"replies":[{"embeddable":true,"href":"https:\/\/eshop.jenasumperk.cz\/index.php\/wp-json\/wp\/v2\/comments?post=60"}],"wp:featuredmedia":[{"embeddable":true,"href":"https:\/\/eshop.jenasumperk.cz\/index.php\/wp-json\/wp\/v2\/media\/61"}],"wp:attachment":[{"href":"https:\/\/eshop.jenasumperk.cz\/index.php\/wp-json\/wp\/v2\/media?parent=60"}],"wp:term":[{"taxonomy":"product_cat","embeddable":true,"href":"https:\/\/eshop.jenasumperk.cz\/index.php\/wp-json\/wp\/v2\/product_cat?post=60"},{"taxonomy":"product_tag","embeddable":true,"href":"https:\/\/eshop.jenasumperk.cz\/index.php\/wp-json\/wp\/v2\/product_tag?post=60"}],"curies":[{"name":"wp","href":"https:\/\/api.w.org\/{rel}","templated":true}]}}