{"id":56,"date":"2017-11-08T14:19:03","date_gmt":"2017-11-08T14:19:03","guid":{"rendered":"http:\/\/eshop.jenasumperk.cz\/?post_type=product&#038;p=56"},"modified":"2023-11-09T07:52:24","modified_gmt":"2023-11-09T07:52:24","slug":"jeseniky-panoramaticka-mapa","status":"publish","type":"product","link":"https:\/\/eshop.jenasumperk.cz\/index.php\/produkt\/jeseniky-panoramaticka-mapa\/","title":{"rendered":"JESEN\u00cdKY PANORAMATICK\u00c1 MAPA"},"content":{"rendered":"<p>ISBN 978-80-87137-46-8<\/p>\n<p>Panoramatick\u00e1 a turistick\u00e1 mapa v M\u011b\u0159\u00edtku 1:100 000<\/p>\n","protected":false},"excerpt":{"rendered":"<p>Nov\u00e9, p\u0159epracovan\u00e9 vyd\u00e1n\u00ed panoramatick\u00e9 mapy Jesen\u00edk\u016f. Vlastn\u00ed panorama je tvo\u0159eno hypsometrick\u00fdm zobrazen\u00edm ter\u00e9nu a dopln\u011bno z\u00e1b\u011bry zaj\u00edmav\u00fdch m\u00edst. Zadn\u00ed strana mapy obsahuje turistickou mapu v m\u011b\u0159\u00edtku 1:100 000.<\/p>\n","protected":false},"featured_media":382,"comment_status":"open","ping_status":"closed","template":"","meta":{"jetpack_publicize_message":"","jetpack_publicize_feature_enabled":true,"jetpack_social_post_already_shared":false,"jetpack_social_options":{"image_generator_settings":{"template":"highway","default_image_id":0,"font":"","enabled":false},"version":2}},"product_cat":[15],"product_tag":[],"class_list":["post-56","product","type-product","status-publish","has-post-thumbnail","hentry","product_cat-turistickemapy","product_shipping_class-cp"],"jetpack_publicize_connections":[],"jetpack_sharing_enabled":true,"jetpack_likes_enabled":true,"_links":{"self":[{"href":"https:\/\/eshop.jenasumperk.cz\/index.php\/wp-json\/wp\/v3\/product\/56","targetHints":{"allow":["GET"]}}],"collection":[{"href":"https:\/\/eshop.jenasumperk.cz\/index.php\/wp-json\/wp\/v3\/product"}],"about":[{"href":"https:\/\/eshop.jenasumperk.cz\/index.php\/wp-json\/wp\/v2\/types\/product"}],"replies":[{"embeddable":true,"href":"https:\/\/eshop.jenasumperk.cz\/index.php\/wp-json\/wp\/v2\/comments?post=56"}],"wp:featuredmedia":[{"embeddable":true,"href":"https:\/\/eshop.jenasumperk.cz\/index.php\/wp-json\/wp\/v2\/media\/382"}],"wp:attachment":[{"href":"https:\/\/eshop.jenasumperk.cz\/index.php\/wp-json\/wp\/v2\/media?parent=56"}],"wp:term":[{"taxonomy":"product_cat","embeddable":true,"href":"https:\/\/eshop.jenasumperk.cz\/index.php\/wp-json\/wp\/v2\/product_cat?post=56"},{"taxonomy":"product_tag","embeddable":true,"href":"https:\/\/eshop.jenasumperk.cz\/index.php\/wp-json\/wp\/v2\/product_tag?post=56"}],"curies":[{"name":"wp","href":"https:\/\/api.w.org\/{rel}","templated":true}]}}