{"id":401,"date":"2024-03-01T13:20:21","date_gmt":"2024-03-01T12:20:21","guid":{"rendered":"https:\/\/eshop.jenasumperk.cz\/?post_type=product&#038;p=401"},"modified":"2024-03-01T13:26:00","modified_gmt":"2024-03-01T12:26:00","slug":"jeseniky-hruby-jesenik-kralicky-sneznik-rychlebske-hory","status":"publish","type":"product","link":"https:\/\/eshop.jenasumperk.cz\/index.php\/produkt\/jeseniky-hruby-jesenik-kralicky-sneznik-rychlebske-hory\/","title":{"rendered":"Jesen\u00edky \u2013 Hrub\u00fd Jesen\u00edk, Kr\u00e1lick\u00fd Sn\u011b\u017en\u00edk, Rychlebsk\u00e9 hory"},"content":{"rendered":"<p>Zimn\u00ed ly\u017ea\u0159sk\u00e1 mapa, oboustrann\u00e1 v m\u011b\u0159\u00edtku 1: 50 000, aktru\u00e1ln\u00ed stav upravovan\u00fdch i doporu\u010den\u00fdch b\u011b\u017eka\u0159sk\u00fdch tras. Ly\u017ea\u0159sk\u00e1 st\u0159ediska aj.<\/p>\n<p>ISBN 978-80-87137-53-6<\/p>\n","protected":false},"excerpt":{"rendered":"<p>Zimn\u00ed ly\u017ea\u0159sk\u00e1 mapa, oboustrann\u00e1 v m\u011b\u0159\u00edtku 1: 50 000, aktru\u00e1ln\u00ed stav upravovan\u00fdch i doporu\u010den\u00fdch b\u011b\u017eka\u0159sk\u00fdch tras. Ly\u017ea\u0159sk\u00e1 st\u0159ediska aj. ISBN 978-80-87137-53-6<\/p>\n","protected":false},"featured_media":402,"comment_status":"open","ping_status":"closed","template":"","meta":{"jetpack_publicize_message":"","jetpack_publicize_feature_enabled":true,"jetpack_social_post_already_shared":true,"jetpack_social_options":{"image_generator_settings":{"template":"highway","default_image_id":0,"font":"","enabled":false},"version":2}},"product_cat":[15,19],"product_tag":[],"class_list":["post-401","product","type-product","status-publish","has-post-thumbnail","hentry","product_cat-turistickemapy","product_cat-zimni-a-lyzarske-mapy","product_shipping_class-dob"],"jetpack_publicize_connections":[],"jetpack_sharing_enabled":true,"jetpack_likes_enabled":true,"_links":{"self":[{"href":"https:\/\/eshop.jenasumperk.cz\/index.php\/wp-json\/wp\/v3\/product\/401","targetHints":{"allow":["GET"]}}],"collection":[{"href":"https:\/\/eshop.jenasumperk.cz\/index.php\/wp-json\/wp\/v3\/product"}],"about":[{"href":"https:\/\/eshop.jenasumperk.cz\/index.php\/wp-json\/wp\/v2\/types\/product"}],"replies":[{"embeddable":true,"href":"https:\/\/eshop.jenasumperk.cz\/index.php\/wp-json\/wp\/v2\/comments?post=401"}],"wp:featuredmedia":[{"embeddable":true,"href":"https:\/\/eshop.jenasumperk.cz\/index.php\/wp-json\/wp\/v2\/media\/402"}],"wp:attachment":[{"href":"https:\/\/eshop.jenasumperk.cz\/index.php\/wp-json\/wp\/v2\/media?parent=401"}],"wp:term":[{"taxonomy":"product_cat","embeddable":true,"href":"https:\/\/eshop.jenasumperk.cz\/index.php\/wp-json\/wp\/v2\/product_cat?post=401"},{"taxonomy":"product_tag","embeddable":true,"href":"https:\/\/eshop.jenasumperk.cz\/index.php\/wp-json\/wp\/v2\/product_tag?post=401"}],"curies":[{"name":"wp","href":"https:\/\/api.w.org\/{rel}","templated":true}]}}