{"id":325,"date":"2022-09-05T12:52:38","date_gmt":"2022-09-05T12:52:38","guid":{"rendered":"https:\/\/eshop.jenasumperk.cz\/?post_type=product&#038;p=325"},"modified":"2022-09-05T12:57:06","modified_gmt":"2022-09-05T12:57:06","slug":"hruby-jesenik-kralicky-sneznik","status":"publish","type":"product","link":"https:\/\/eshop.jenasumperk.cz\/index.php\/produkt\/hruby-jesenik-kralicky-sneznik\/","title":{"rendered":"Hrub\u00fd Jesen\u00edk \u2013 Kr\u00e1lick\u00fd Sn\u011b\u017en\u00edk"},"content":{"rendered":"<h4>1:50 000 TURISTICK\u00c1 MAPA + CYKLOTURISTIKA<\/h4>\n<p>ISBN 978-80-87137-85-9<\/p>\n","protected":false},"excerpt":{"rendered":"<p><span style=\"color: #ff0000;\"><strong>NOVINKA 2022!<\/strong><\/span> Oboustrann\u00e1 turistick\u00e1 mapa Hrub\u00fd Jesen\u00edk \u2013 Kr\u00e1lick\u00fd Sn\u011b\u017en\u00edk obsahuje krom\u011b \u00fapln\u00e9 s\u00edt\u011b turistick\u00fdch cest tak\u00e9 s\u00ed\u0165 doporu\u010den\u00fdch a zna\u010den\u00fdch cyklotras, zna\u010den\u00fdch ly\u017ea\u0159sk\u00fdch tras. D\u00e1le obsahuje r\u016fzn\u00e9 turistick\u00e9 zaj\u00edmavosti jako hrady a z\u00e1mky, jeskyn\u011b, ubytov\u00e1n\u00ed, restaurace, koupali\u0161t\u011b, \u010derpac\u00ed stanice atd. Mimoto je vybavena i s\u00edt\u00ed pro GPS (Global positioning system) &#8211; satelitn\u00ed nav\u00e1d\u011bc\u00ed syst\u00e9m pro ur\u010dov\u00e1n\u00ed zem\u011bpisn\u00e9 polohy.<\/p>\n","protected":false},"featured_media":326,"comment_status":"open","ping_status":"closed","template":"","meta":{"jetpack_publicize_message":"","jetpack_publicize_feature_enabled":true,"jetpack_social_post_already_shared":true,"jetpack_social_options":{"image_generator_settings":{"template":"highway","default_image_id":0,"font":"","enabled":false},"version":2}},"product_cat":[15],"product_tag":[],"class_list":["post-325","product","type-product","status-publish","has-post-thumbnail","hentry","product_cat-turistickemapy","product_shipping_class-cp"],"jetpack_publicize_connections":[],"jetpack_sharing_enabled":true,"jetpack_likes_enabled":true,"_links":{"self":[{"href":"https:\/\/eshop.jenasumperk.cz\/index.php\/wp-json\/wp\/v3\/product\/325","targetHints":{"allow":["GET"]}}],"collection":[{"href":"https:\/\/eshop.jenasumperk.cz\/index.php\/wp-json\/wp\/v3\/product"}],"about":[{"href":"https:\/\/eshop.jenasumperk.cz\/index.php\/wp-json\/wp\/v2\/types\/product"}],"replies":[{"embeddable":true,"href":"https:\/\/eshop.jenasumperk.cz\/index.php\/wp-json\/wp\/v2\/comments?post=325"}],"wp:featuredmedia":[{"embeddable":true,"href":"https:\/\/eshop.jenasumperk.cz\/index.php\/wp-json\/wp\/v2\/media\/326"}],"wp:attachment":[{"href":"https:\/\/eshop.jenasumperk.cz\/index.php\/wp-json\/wp\/v2\/media?parent=325"}],"wp:term":[{"taxonomy":"product_cat","embeddable":true,"href":"https:\/\/eshop.jenasumperk.cz\/index.php\/wp-json\/wp\/v2\/product_cat?post=325"},{"taxonomy":"product_tag","embeddable":true,"href":"https:\/\/eshop.jenasumperk.cz\/index.php\/wp-json\/wp\/v2\/product_tag?post=325"}],"curies":[{"name":"wp","href":"https:\/\/api.w.org\/{rel}","templated":true}]}}