{"id":205,"date":"2017-12-20T09:05:52","date_gmt":"2017-12-20T09:05:52","guid":{"rendered":"http:\/\/eshop.jenasumperk.cz\/?post_type=product&#038;p=205"},"modified":"2023-05-11T13:01:00","modified_gmt":"2023-05-11T13:01:00","slug":"kralicky-sneznik-dolni-morava","status":"publish","type":"product","link":"https:\/\/eshop.jenasumperk.cz\/index.php\/produkt\/kralicky-sneznik-dolni-morava\/","title":{"rendered":"Kr\u00e1lick\u00fd Sn\u011b\u017en\u00edk \u2013 Doln\u00ed Morava"},"content":{"rendered":"<p>V\u0161eobecn\u00e1 pohlednice s rozhlednou Klep\u00fd a Stezkou v oblac\u00edch<\/p>\n","protected":false},"excerpt":{"rendered":"<p>V\u0161eobecn\u00e1 pohlednice s rozhlednou Klep\u00fd a Stezkou v oblac\u00edch<\/p>\n","protected":false},"featured_media":206,"comment_status":"open","ping_status":"closed","template":"","meta":{"jetpack_publicize_message":"","jetpack_publicize_feature_enabled":true,"jetpack_social_post_already_shared":false,"jetpack_social_options":{"image_generator_settings":{"template":"highway","default_image_id":0,"font":"","enabled":false},"version":2}},"product_cat":[22],"product_tag":[],"class_list":["post-205","product","type-product","status-publish","has-post-thumbnail","hentry","product_cat-pohlednice","product_shipping_class-cp"],"jetpack_publicize_connections":[],"jetpack_sharing_enabled":true,"jetpack_likes_enabled":true,"_links":{"self":[{"href":"https:\/\/eshop.jenasumperk.cz\/index.php\/wp-json\/wp\/v3\/product\/205","targetHints":{"allow":["GET"]}}],"collection":[{"href":"https:\/\/eshop.jenasumperk.cz\/index.php\/wp-json\/wp\/v3\/product"}],"about":[{"href":"https:\/\/eshop.jenasumperk.cz\/index.php\/wp-json\/wp\/v2\/types\/product"}],"replies":[{"embeddable":true,"href":"https:\/\/eshop.jenasumperk.cz\/index.php\/wp-json\/wp\/v2\/comments?post=205"}],"wp:featuredmedia":[{"embeddable":true,"href":"https:\/\/eshop.jenasumperk.cz\/index.php\/wp-json\/wp\/v2\/media\/206"}],"wp:attachment":[{"href":"https:\/\/eshop.jenasumperk.cz\/index.php\/wp-json\/wp\/v2\/media?parent=205"}],"wp:term":[{"taxonomy":"product_cat","embeddable":true,"href":"https:\/\/eshop.jenasumperk.cz\/index.php\/wp-json\/wp\/v2\/product_cat?post=205"},{"taxonomy":"product_tag","embeddable":true,"href":"https:\/\/eshop.jenasumperk.cz\/index.php\/wp-json\/wp\/v2\/product_tag?post=205"}],"curies":[{"name":"wp","href":"https:\/\/api.w.org\/{rel}","templated":true}]}}