{"id":188,"date":"2017-12-19T14:37:04","date_gmt":"2017-12-19T14:37:04","guid":{"rendered":"http:\/\/eshop.jenasumperk.cz\/?post_type=product&#038;p=188"},"modified":"2023-05-11T13:02:14","modified_gmt":"2023-05-11T13:02:14","slug":"mala-moravka","status":"publish","type":"product","link":"https:\/\/eshop.jenasumperk.cz\/index.php\/produkt\/mala-moravka\/","title":{"rendered":"Mal\u00e1 Mor\u00e1vka"},"content":{"rendered":"<p>V\u0161eobecn\u00e1 zimn\u00ed pohlednice<\/p>\n","protected":false},"excerpt":{"rendered":"<p>V\u0161eobecn\u00e1 zimn\u00ed pohlednice<\/p>\n","protected":false},"featured_media":189,"comment_status":"open","ping_status":"closed","template":"","meta":{"jetpack_publicize_message":"","jetpack_publicize_feature_enabled":true,"jetpack_social_post_already_shared":false,"jetpack_social_options":{"image_generator_settings":{"template":"highway","default_image_id":0,"font":"","enabled":false},"version":2}},"product_cat":[22],"product_tag":[],"class_list":["post-188","product","type-product","status-publish","has-post-thumbnail","hentry","product_cat-pohlednice","product_shipping_class-cp"],"jetpack_publicize_connections":[],"jetpack_sharing_enabled":true,"jetpack_likes_enabled":true,"_links":{"self":[{"href":"https:\/\/eshop.jenasumperk.cz\/index.php\/wp-json\/wp\/v3\/product\/188","targetHints":{"allow":["GET"]}}],"collection":[{"href":"https:\/\/eshop.jenasumperk.cz\/index.php\/wp-json\/wp\/v3\/product"}],"about":[{"href":"https:\/\/eshop.jenasumperk.cz\/index.php\/wp-json\/wp\/v2\/types\/product"}],"replies":[{"embeddable":true,"href":"https:\/\/eshop.jenasumperk.cz\/index.php\/wp-json\/wp\/v2\/comments?post=188"}],"wp:featuredmedia":[{"embeddable":true,"href":"https:\/\/eshop.jenasumperk.cz\/index.php\/wp-json\/wp\/v2\/media\/189"}],"wp:attachment":[{"href":"https:\/\/eshop.jenasumperk.cz\/index.php\/wp-json\/wp\/v2\/media?parent=188"}],"wp:term":[{"taxonomy":"product_cat","embeddable":true,"href":"https:\/\/eshop.jenasumperk.cz\/index.php\/wp-json\/wp\/v2\/product_cat?post=188"},{"taxonomy":"product_tag","embeddable":true,"href":"https:\/\/eshop.jenasumperk.cz\/index.php\/wp-json\/wp\/v2\/product_tag?post=188"}],"curies":[{"name":"wp","href":"https:\/\/api.w.org\/{rel}","templated":true}]}}