{"id":148,"date":"2017-12-11T13:09:32","date_gmt":"2017-12-11T13:09:32","guid":{"rendered":"http:\/\/eshop.jenasumperk.cz\/?post_type=product&#038;p=148"},"modified":"2022-11-08T11:57:19","modified_gmt":"2022-11-08T11:57:19","slug":"jesenik-plan-mesta","status":"publish","type":"product","link":"https:\/\/eshop.jenasumperk.cz\/index.php\/produkt\/jesenik-plan-mesta\/","title":{"rendered":"Jesen\u00edk pl\u00e1n m\u011bsta"},"content":{"rendered":"<p>M\u011b\u0159\u00edtko 1:10 000<\/p>\n<p>ISBN 978-80-86209-99-9<\/p>\n","protected":false},"excerpt":{"rendered":"<p>V pl\u00e1nu m\u011bsta Jesen\u00edk je vyzna\u010deno ubytov\u00e1n\u00ed, restaurace, \u010derpac\u00ed stanice, koupali\u0161t\u011b apod. Pro rychlej\u0161\u00ed orientaci obsahuje tak\u00e9 rejst\u0159\u00edk ulic.<\/p>\n","protected":false},"featured_media":149,"comment_status":"open","ping_status":"closed","template":"","meta":{"jetpack_publicize_message":"","jetpack_publicize_feature_enabled":true,"jetpack_social_post_already_shared":false,"jetpack_social_options":{"image_generator_settings":{"template":"highway","default_image_id":0,"font":"","enabled":false},"version":2}},"product_cat":[23],"product_tag":[],"class_list":["post-148","product","type-product","status-publish","has-post-thumbnail","hentry","product_cat-plany-mest-automapy","product_shipping_class-cp"],"jetpack_publicize_connections":[],"jetpack_sharing_enabled":true,"jetpack_likes_enabled":true,"_links":{"self":[{"href":"https:\/\/eshop.jenasumperk.cz\/index.php\/wp-json\/wp\/v3\/product\/148","targetHints":{"allow":["GET"]}}],"collection":[{"href":"https:\/\/eshop.jenasumperk.cz\/index.php\/wp-json\/wp\/v3\/product"}],"about":[{"href":"https:\/\/eshop.jenasumperk.cz\/index.php\/wp-json\/wp\/v2\/types\/product"}],"replies":[{"embeddable":true,"href":"https:\/\/eshop.jenasumperk.cz\/index.php\/wp-json\/wp\/v2\/comments?post=148"}],"wp:featuredmedia":[{"embeddable":true,"href":"https:\/\/eshop.jenasumperk.cz\/index.php\/wp-json\/wp\/v2\/media\/149"}],"wp:attachment":[{"href":"https:\/\/eshop.jenasumperk.cz\/index.php\/wp-json\/wp\/v2\/media?parent=148"}],"wp:term":[{"taxonomy":"product_cat","embeddable":true,"href":"https:\/\/eshop.jenasumperk.cz\/index.php\/wp-json\/wp\/v2\/product_cat?post=148"},{"taxonomy":"product_tag","embeddable":true,"href":"https:\/\/eshop.jenasumperk.cz\/index.php\/wp-json\/wp\/v2\/product_tag?post=148"}],"curies":[{"name":"wp","href":"https:\/\/api.w.org\/{rel}","templated":true}]}}