{"id":140,"date":"2017-12-11T12:53:05","date_gmt":"2017-12-11T12:53:05","guid":{"rendered":"http:\/\/eshop.jenasumperk.cz\/?post_type=product&#038;p=140"},"modified":"2022-02-11T13:38:58","modified_gmt":"2022-02-11T13:38:58","slug":"jeseniky-panoramaticka-mapa-zimni","status":"publish","type":"product","link":"https:\/\/eshop.jenasumperk.cz\/index.php\/produkt\/jeseniky-panoramaticka-mapa-zimni\/","title":{"rendered":"Jesen\u00edky \u2013 Panoramatick\u00e1 mapa \u2013 zimn\u00ed"},"content":{"rendered":"<p>Panoramatick\u00e1 a zimn\u00ed mapa<\/p>\n<p>ISBN 978-80-87137-02-4<\/p>\n","protected":false},"excerpt":{"rendered":"<p>Zimn\u00ed panoramatick\u00e1 mapa Jesen\u00edky obsahuje s\u00ed\u0165 doporu\u010den\u00fdch ly\u017ea\u0159sk\u00fdch tras, ly\u017ea\u0159sk\u00e9 vleky, ubytov\u00e1n\u00ed, kryt\u00e9 baz\u00e9ny atd. Na zadn\u00ed stran\u011b jsou ly\u017ea\u0159sk\u00e1 centra, telefonn\u00ed kontakty na stanice Horsk\u00fdch slu\u017eeb v Jesen\u00edk\u00e1ch, vysv\u011btlivky zimn\u00edho zna\u010den\u00ed v ter\u00e9nu atd.<\/p>\n","protected":false},"featured_media":141,"comment_status":"open","ping_status":"closed","template":"","meta":{"jetpack_publicize_message":"","jetpack_publicize_feature_enabled":true,"jetpack_social_post_already_shared":false,"jetpack_social_options":{"image_generator_settings":{"template":"highway","default_image_id":0,"font":"","enabled":false},"version":2}},"product_cat":[19],"product_tag":[],"class_list":["post-140","product","type-product","status-publish","has-post-thumbnail","hentry","product_cat-zimni-a-lyzarske-mapy","product_shipping_class-cp"],"jetpack_publicize_connections":[],"jetpack_sharing_enabled":true,"jetpack_likes_enabled":true,"_links":{"self":[{"href":"https:\/\/eshop.jenasumperk.cz\/index.php\/wp-json\/wp\/v3\/product\/140","targetHints":{"allow":["GET"]}}],"collection":[{"href":"https:\/\/eshop.jenasumperk.cz\/index.php\/wp-json\/wp\/v3\/product"}],"about":[{"href":"https:\/\/eshop.jenasumperk.cz\/index.php\/wp-json\/wp\/v2\/types\/product"}],"replies":[{"embeddable":true,"href":"https:\/\/eshop.jenasumperk.cz\/index.php\/wp-json\/wp\/v2\/comments?post=140"}],"wp:featuredmedia":[{"embeddable":true,"href":"https:\/\/eshop.jenasumperk.cz\/index.php\/wp-json\/wp\/v2\/media\/141"}],"wp:attachment":[{"href":"https:\/\/eshop.jenasumperk.cz\/index.php\/wp-json\/wp\/v2\/media?parent=140"}],"wp:term":[{"taxonomy":"product_cat","embeddable":true,"href":"https:\/\/eshop.jenasumperk.cz\/index.php\/wp-json\/wp\/v2\/product_cat?post=140"},{"taxonomy":"product_tag","embeddable":true,"href":"https:\/\/eshop.jenasumperk.cz\/index.php\/wp-json\/wp\/v2\/product_tag?post=140"}],"curies":[{"name":"wp","href":"https:\/\/api.w.org\/{rel}","templated":true}]}}