{"id":138,"date":"2017-12-11T12:49:41","date_gmt":"2017-12-11T12:49:41","guid":{"rendered":"http:\/\/eshop.jenasumperk.cz\/?post_type=product&#038;p=138"},"modified":"2022-11-08T11:57:19","modified_gmt":"2022-11-08T11:57:19","slug":"rymarovsko","status":"publish","type":"product","link":"https:\/\/eshop.jenasumperk.cz\/index.php\/produkt\/rymarovsko\/","title":{"rendered":"R\u00fdma\u0159ovsko"},"content":{"rendered":"<p>Turistick\u00e1 mapa 1:75 000<\/p>\n","protected":false},"excerpt":{"rendered":"<p>Turistick\u00e1 mapa R\u00fdma\u0159ovsko obsahuje krom\u011b \u00fapln\u00e9 s\u00edt\u011b turistick\u00fdch cest tak\u00e9 s\u00ed\u0165 doporu\u010den\u00fdch ly\u017ea\u0159sk\u00fdch tras a cyklotras. D\u00e1le obsahuje r\u016fzn\u00e9 turistick\u00e9 zaj\u00edmavosti jako hrady a z\u00e1mky, jeskyn\u011b, ubytov\u00e1n\u00ed, restaurace, koupali\u0161t\u011b, \u010derpac\u00ed stanice atd. Na zadn\u00ed stran\u011b je popis nejv\u011bt\u0161\u00edch turistick\u00fdch zaj\u00edmavost\u00ed<\/p>\n","protected":false},"featured_media":139,"comment_status":"open","ping_status":"closed","template":"","meta":{"jetpack_publicize_message":"","jetpack_publicize_feature_enabled":true,"jetpack_social_post_already_shared":false,"jetpack_social_options":{"image_generator_settings":{"template":"highway","default_image_id":0,"font":"","enabled":false},"version":2}},"product_cat":[15],"product_tag":[],"class_list":["post-138","product","type-product","status-publish","has-post-thumbnail","hentry","product_cat-turistickemapy","product_shipping_class-cp"],"jetpack_publicize_connections":[],"jetpack_sharing_enabled":true,"jetpack_likes_enabled":true,"_links":{"self":[{"href":"https:\/\/eshop.jenasumperk.cz\/index.php\/wp-json\/wp\/v3\/product\/138","targetHints":{"allow":["GET"]}}],"collection":[{"href":"https:\/\/eshop.jenasumperk.cz\/index.php\/wp-json\/wp\/v3\/product"}],"about":[{"href":"https:\/\/eshop.jenasumperk.cz\/index.php\/wp-json\/wp\/v2\/types\/product"}],"replies":[{"embeddable":true,"href":"https:\/\/eshop.jenasumperk.cz\/index.php\/wp-json\/wp\/v2\/comments?post=138"}],"wp:featuredmedia":[{"embeddable":true,"href":"https:\/\/eshop.jenasumperk.cz\/index.php\/wp-json\/wp\/v2\/media\/139"}],"wp:attachment":[{"href":"https:\/\/eshop.jenasumperk.cz\/index.php\/wp-json\/wp\/v2\/media?parent=138"}],"wp:term":[{"taxonomy":"product_cat","embeddable":true,"href":"https:\/\/eshop.jenasumperk.cz\/index.php\/wp-json\/wp\/v2\/product_cat?post=138"},{"taxonomy":"product_tag","embeddable":true,"href":"https:\/\/eshop.jenasumperk.cz\/index.php\/wp-json\/wp\/v2\/product_tag?post=138"}],"curies":[{"name":"wp","href":"https:\/\/api.w.org\/{rel}","templated":true}]}}