{"id":121,"date":"2017-11-24T10:07:29","date_gmt":"2017-11-24T10:07:29","guid":{"rendered":"http:\/\/eshop.jenasumperk.cz\/?post_type=product&#038;p=121"},"modified":"2022-11-08T11:57:19","modified_gmt":"2022-11-08T11:57:19","slug":"leporelo-karlova-studanka","status":"publish","type":"product","link":"https:\/\/eshop.jenasumperk.cz\/index.php\/produkt\/leporelo-karlova-studanka\/","title":{"rendered":"Leporelo Karlova Stud\u00e1nka"},"content":{"rendered":"<p>Osmistr\u00e1nkov\u00e9 leporelo. Rozm\u011br 460&#215;85 mm.<\/p>\n","protected":false},"excerpt":{"rendered":"<p>Osmistr\u00e1nkov\u00e9 leporelo. Rozm\u011br 460&#215;85 mm.<\/p>\n","protected":false},"featured_media":122,"comment_status":"open","ping_status":"closed","template":"","meta":{"jetpack_publicize_message":"","jetpack_publicize_feature_enabled":true,"jetpack_social_post_already_shared":false,"jetpack_social_options":{"image_generator_settings":{"template":"highway","default_image_id":0,"font":"","enabled":false},"version":2}},"product_cat":[22],"product_tag":[],"class_list":["post-121","product","type-product","status-publish","has-post-thumbnail","hentry","product_cat-pohlednice","product_shipping_class-cp"],"jetpack_publicize_connections":[],"jetpack_sharing_enabled":true,"jetpack_likes_enabled":true,"_links":{"self":[{"href":"https:\/\/eshop.jenasumperk.cz\/index.php\/wp-json\/wp\/v3\/product\/121","targetHints":{"allow":["GET"]}}],"collection":[{"href":"https:\/\/eshop.jenasumperk.cz\/index.php\/wp-json\/wp\/v3\/product"}],"about":[{"href":"https:\/\/eshop.jenasumperk.cz\/index.php\/wp-json\/wp\/v2\/types\/product"}],"replies":[{"embeddable":true,"href":"https:\/\/eshop.jenasumperk.cz\/index.php\/wp-json\/wp\/v2\/comments?post=121"}],"wp:featuredmedia":[{"embeddable":true,"href":"https:\/\/eshop.jenasumperk.cz\/index.php\/wp-json\/wp\/v2\/media\/122"}],"wp:attachment":[{"href":"https:\/\/eshop.jenasumperk.cz\/index.php\/wp-json\/wp\/v2\/media?parent=121"}],"wp:term":[{"taxonomy":"product_cat","embeddable":true,"href":"https:\/\/eshop.jenasumperk.cz\/index.php\/wp-json\/wp\/v2\/product_cat?post=121"},{"taxonomy":"product_tag","embeddable":true,"href":"https:\/\/eshop.jenasumperk.cz\/index.php\/wp-json\/wp\/v2\/product_tag?post=121"}],"curies":[{"name":"wp","href":"https:\/\/api.w.org\/{rel}","templated":true}]}}