{"id":114,"date":"2017-11-23T14:35:14","date_gmt":"2017-11-23T14:35:14","guid":{"rendered":"http:\/\/eshop.jenasumperk.cz\/?post_type=product&#038;p=114"},"modified":"2017-11-23T14:35:14","modified_gmt":"2017-11-23T14:35:14","slug":"olomoucko-litovelske-pomoravi","status":"publish","type":"product","link":"https:\/\/eshop.jenasumperk.cz\/index.php\/produkt\/olomoucko-litovelske-pomoravi\/","title":{"rendered":"OLOMOUCKO Litovelsk\u00e9 Pomorav\u00ed"},"content":{"rendered":"<h4>1:75 000 TURISTICK\u00c1 MAPA + CYKLOTURISTIKA<\/h4>\n<p>ISBN 80-86209-87-3<\/p>\n","protected":false},"excerpt":{"rendered":"<p>Turistick\u00e1 mapa Olomoucko-Litovelsk\u00e9 Pomorav\u00ed obsahuje krom\u011b \u00fapln\u00e9 s\u00edt\u011b turistick\u00fdch cest tak\u00e9 s\u00ed\u0165 doporu\u010den\u00fdch a zna\u010den\u00fdch cyklotras, zna\u010den\u00fdch ly\u017ea\u0159sk\u00fdch tras. D\u00e1le obsahuje r\u016fzn\u00e9 turistick\u00e9 zaj\u00edmavosti jako hrady a z\u00e1mky, jeskyn\u011b, ubytov\u00e1n\u00ed, restaurace, koupali\u0161t\u011b, \u010derpac\u00ed stanice atd. Mimoto je vybavena i s\u00edt\u00ed pro GPS (Global positioning system) &#8211; satelitn\u00ed nav\u00e1d\u011bc\u00ed syst\u00e9m pro ur\u010dov\u00e1n\u00ed zem\u011bpisn\u00e9 polohy. Na zadn\u00ed stran\u011b je popis nejv\u011bt\u0161\u00edch turistick\u00fdch zaj\u00edmavost\u00ed.<\/p>\n","protected":false},"featured_media":115,"comment_status":"open","ping_status":"closed","template":"","meta":{"jetpack_publicize_message":"","jetpack_publicize_feature_enabled":true,"jetpack_social_post_already_shared":false,"jetpack_social_options":{"image_generator_settings":{"template":"highway","default_image_id":0,"font":"","enabled":false},"version":2}},"product_cat":[15],"product_tag":[],"class_list":["post-114","product","type-product","status-publish","has-post-thumbnail","hentry","product_cat-turistickemapy","product_shipping_class-cp"],"jetpack_publicize_connections":[],"jetpack_sharing_enabled":true,"jetpack_likes_enabled":true,"_links":{"self":[{"href":"https:\/\/eshop.jenasumperk.cz\/index.php\/wp-json\/wp\/v3\/product\/114","targetHints":{"allow":["GET"]}}],"collection":[{"href":"https:\/\/eshop.jenasumperk.cz\/index.php\/wp-json\/wp\/v3\/product"}],"about":[{"href":"https:\/\/eshop.jenasumperk.cz\/index.php\/wp-json\/wp\/v2\/types\/product"}],"replies":[{"embeddable":true,"href":"https:\/\/eshop.jenasumperk.cz\/index.php\/wp-json\/wp\/v2\/comments?post=114"}],"wp:featuredmedia":[{"embeddable":true,"href":"https:\/\/eshop.jenasumperk.cz\/index.php\/wp-json\/wp\/v2\/media\/115"}],"wp:attachment":[{"href":"https:\/\/eshop.jenasumperk.cz\/index.php\/wp-json\/wp\/v2\/media?parent=114"}],"wp:term":[{"taxonomy":"product_cat","embeddable":true,"href":"https:\/\/eshop.jenasumperk.cz\/index.php\/wp-json\/wp\/v2\/product_cat?post=114"},{"taxonomy":"product_tag","embeddable":true,"href":"https:\/\/eshop.jenasumperk.cz\/index.php\/wp-json\/wp\/v2\/product_tag?post=114"}],"curies":[{"name":"wp","href":"https:\/\/api.w.org\/{rel}","templated":true}]}}