{"id":112,"date":"2017-11-23T14:31:12","date_gmt":"2017-11-23T14:31:12","guid":{"rendered":"http:\/\/eshop.jenasumperk.cz\/?post_type=product&#038;p=112"},"modified":"2022-03-08T13:31:28","modified_gmt":"2022-03-08T13:31:28","slug":"sumpersko-zabrezsko","status":"publish","type":"product","link":"https:\/\/eshop.jenasumperk.cz\/index.php\/produkt\/sumpersko-zabrezsko\/","title":{"rendered":"\u0160UMPERSKO Z\u00c1B\u0158E\u017dSKO"},"content":{"rendered":"<h4>1:50 000 TURISTICK\u00c1 MAPA + CYKLOTURISTIKA<\/h4>\n<p>ISBN 80-86209-70-9<\/p>\n","protected":false},"excerpt":{"rendered":"<p>Turistick\u00e1 mapa \u0160umpersko\u2013Z\u00e1b\u0159e\u017esko obsahuje krom\u011b \u00fapln\u00e9 s\u00edt\u011b turistick\u00fdch cest tak\u00e9 s\u00ed\u0165 doporu\u010den\u00fdch a zna\u010den\u00fdch cyklotras. D\u00e1le obsahuje r\u016fzn\u00e9 turistick\u00e9 zaj\u00edmavosti jako hrady a z\u00e1mky, jeskyn\u011b, ubytov\u00e1n\u00ed, restaurace, koupali\u0161t\u011b, \u010derpac\u00ed stanice atd. Zobrazen\u00e9 \u00fazem\u00ed le\u017e\u00ed na pomez\u00ed poho\u0159\u00ed Hrub\u00e9ho Jesen\u00edku, Hanu\u0161ovick\u00e9 vrchoviny a Z\u00e1b\u0159e\u017esk\u00e9 vyso\u010diny. Na zadn\u00ed stran\u011b je popis nejv\u011bt\u0161\u00edch turistick\u00fdch zaj\u00edmavost\u00ed.<\/p>\n","protected":false},"featured_media":113,"comment_status":"open","ping_status":"closed","template":"","meta":{"jetpack_publicize_message":"","jetpack_publicize_feature_enabled":true,"jetpack_social_post_already_shared":false,"jetpack_social_options":{"image_generator_settings":{"template":"highway","default_image_id":0,"font":"","enabled":false},"version":2}},"product_cat":[15],"product_tag":[],"class_list":["post-112","product","type-product","status-publish","has-post-thumbnail","hentry","product_cat-turistickemapy","product_shipping_class-cp"],"jetpack_publicize_connections":[],"jetpack_sharing_enabled":true,"jetpack_likes_enabled":true,"_links":{"self":[{"href":"https:\/\/eshop.jenasumperk.cz\/index.php\/wp-json\/wp\/v3\/product\/112","targetHints":{"allow":["GET"]}}],"collection":[{"href":"https:\/\/eshop.jenasumperk.cz\/index.php\/wp-json\/wp\/v3\/product"}],"about":[{"href":"https:\/\/eshop.jenasumperk.cz\/index.php\/wp-json\/wp\/v2\/types\/product"}],"replies":[{"embeddable":true,"href":"https:\/\/eshop.jenasumperk.cz\/index.php\/wp-json\/wp\/v2\/comments?post=112"}],"wp:featuredmedia":[{"embeddable":true,"href":"https:\/\/eshop.jenasumperk.cz\/index.php\/wp-json\/wp\/v2\/media\/113"}],"wp:attachment":[{"href":"https:\/\/eshop.jenasumperk.cz\/index.php\/wp-json\/wp\/v2\/media?parent=112"}],"wp:term":[{"taxonomy":"product_cat","embeddable":true,"href":"https:\/\/eshop.jenasumperk.cz\/index.php\/wp-json\/wp\/v2\/product_cat?post=112"},{"taxonomy":"product_tag","embeddable":true,"href":"https:\/\/eshop.jenasumperk.cz\/index.php\/wp-json\/wp\/v2\/product_tag?post=112"}],"curies":[{"name":"wp","href":"https:\/\/api.w.org\/{rel}","templated":true}]}}