{"id":101,"date":"2017-11-21T14:20:55","date_gmt":"2017-11-21T14:20:55","guid":{"rendered":"http:\/\/eshop.jenasumperk.cz\/?post_type=product&#038;p=101"},"modified":"2017-11-21T14:20:55","modified_gmt":"2017-11-21T14:20:55","slug":"svitavsko-letovicko-boskovicko","status":"publish","type":"product","link":"https:\/\/eshop.jenasumperk.cz\/index.php\/produkt\/svitavsko-letovicko-boskovicko\/","title":{"rendered":"SVITAVSKO Letovicko, Boskovicko"},"content":{"rendered":"<h4>M 1:50 000<\/h4>\n<p>ISBN 978-80-86209-94-4<\/p>\n","protected":false},"excerpt":{"rendered":"<p>Turistick\u00e1 mapa Svitavsko obsahuje krom\u011b \u00fapln\u00e9 s\u00edt\u011b turistick\u00fdch cest tak\u00e9 s\u00ed\u0165 doporu\u010den\u00fdch a zna\u010den\u00fdch cyklotras, zna\u010den\u00fdch ly\u017ea\u0159sk\u00fdch tras. D\u00e1le obsahuje r\u016fzn\u00e9 turistick\u00e9 zaj\u00edmavosti jako hrady a z\u00e1mky, jeskyn\u011b, ubytov\u00e1n\u00ed, restaurace, koupali\u0161t\u011b, \u010derpac\u00ed stanice atd. Mimoto je vybavena i s\u00edt\u00ed pro GPS (Global positioning system) &#8211; satelitn\u00ed nav\u00e1d\u011bc\u00ed syst\u00e9m pro ur\u010dov\u00e1n\u00ed zem\u011bpisn\u00e9 polohy. Na zadn\u00ed stran\u011b je popis nejv\u011bt\u0161\u00edch turistick\u00fdch zaj\u00edmavost\u00ed.<\/p>\n","protected":false},"featured_media":102,"comment_status":"open","ping_status":"closed","template":"","meta":{"jetpack_publicize_message":"","jetpack_publicize_feature_enabled":true,"jetpack_social_post_already_shared":false,"jetpack_social_options":{"image_generator_settings":{"template":"highway","default_image_id":0,"font":"","enabled":false},"version":2}},"product_cat":[15],"product_tag":[],"class_list":["post-101","product","type-product","status-publish","has-post-thumbnail","hentry","product_cat-turistickemapy"],"jetpack_publicize_connections":[],"jetpack_sharing_enabled":true,"jetpack_likes_enabled":true,"_links":{"self":[{"href":"https:\/\/eshop.jenasumperk.cz\/index.php\/wp-json\/wp\/v3\/product\/101","targetHints":{"allow":["GET"]}}],"collection":[{"href":"https:\/\/eshop.jenasumperk.cz\/index.php\/wp-json\/wp\/v3\/product"}],"about":[{"href":"https:\/\/eshop.jenasumperk.cz\/index.php\/wp-json\/wp\/v2\/types\/product"}],"replies":[{"embeddable":true,"href":"https:\/\/eshop.jenasumperk.cz\/index.php\/wp-json\/wp\/v2\/comments?post=101"}],"wp:featuredmedia":[{"embeddable":true,"href":"https:\/\/eshop.jenasumperk.cz\/index.php\/wp-json\/wp\/v2\/media\/102"}],"wp:attachment":[{"href":"https:\/\/eshop.jenasumperk.cz\/index.php\/wp-json\/wp\/v2\/media?parent=101"}],"wp:term":[{"taxonomy":"product_cat","embeddable":true,"href":"https:\/\/eshop.jenasumperk.cz\/index.php\/wp-json\/wp\/v2\/product_cat?post=101"},{"taxonomy":"product_tag","embeddable":true,"href":"https:\/\/eshop.jenasumperk.cz\/index.php\/wp-json\/wp\/v2\/product_tag?post=101"}],"curies":[{"name":"wp","href":"https:\/\/api.w.org\/{rel}","templated":true}]}}